{"id":1661,"date":"2019-09-23T09:31:25","date_gmt":"2019-09-23T09:31:25","guid":{"rendered":"https:\/\/urbanplaces.it\/?page_id=1661"},"modified":"2019-09-23T09:31:26","modified_gmt":"2019-09-23T09:31:26","slug":"up-internet-access-tos","status":"publish","type":"page","link":"https:\/\/urbanplaces.it\/wp_urbanplaces\/up-internet-access-tos\/","title":{"rendered":"UP Internet Access TOS"},"content":{"rendered":"\n<h2 class=\"wp-block-heading\"><strong>TERMINI DI SERVIZIO PER<\/strong> <strong>CONNESSIONE DATI E ACCESSO A INTERNET<\/strong><\/h2>\n\n\n\n<p>Quando Lei si trova presso una sede di UP Urban Places pu\u00f2 connettersi alla nostra rete dati per, fra le altre cose, accedere a Internet (la \u201cconnessione\u201d). La connessione \u00e8 fornita da UP Urban Places Srls o da una delle sue societ\u00e0 affiliate e\/o proprietarie. Utilizzando o accedendo alla connessione, Lei accetta i presenti termini di servizio.&nbsp;<strong>Si prega di leggere attentamente i presenti termini.<\/strong><\/p>\n\n\n\n<p>Ci riserviamo di modificare i presenti termini di volta in volta. Ogni volta che utilizza o accede alla connessione, Lei \u00e8 ritenuto aver accettato i termini in vigore ed \u00e8 sua responsabilit\u00e0 rivederli per eventuali modifiche. Se non accetta i presenti termini di servizio, non pu\u00f2 utilizzare la connessione.<\/p>\n\n\n\n<p><strong>ACCESSO<\/strong><br>Il Suo accesso alla connessione \u00e8 a nostra discrezione. Il Suo accesso pu\u00f2 essere bloccato, sospeso o interrotto in qualsiasi momento e per qualsiasi motivo, ivi incluso per la violazione dei presenti termini di servizio, per l&#8217;interruzione dell&#8217;accesso di altri utenti o reti o per proteggere altrimenti noi, i nostri utenti o altre terze parti.<br>La connessione \u00e8 disponibile per il Suo dispositivo solo quando lo stesso si trova all&#8217;interno della portata wireless dei nostri punti di accesso o nel Suo ufficio o in una sala conferenze attraverso un cavo ethernet collegato a una porta di rete dati. La connessione pu\u00f2 essere generalmente soggetta a indisponibilit\u00e0, ivi incluso a causa di emergenze, avarie del servizio, problemi o limitazioni di trasmissione, apparecchiature o rete, interferenze, potenza del segnale, manutenzione e riparazione. Non siamo responsabili per qualsiasi interruzione o problemi di prestazioni della connessione o delle reti, apparecchiature e sistemi di trasmissione sottostanti. La velocit\u00e0 della rete varia in base alla configurazione del Suo dispositivo, alla posizione, alla compressione, al traffico della rete e ad altri fattori. Lei \u00e8 esclusivamente responsabile per qualsiasi dispositivo, software o altro materiale necessario per l&#8217;utilizzo della connessione.<br>Inoltre, qualsiasi utilizzo vietato identificato pu\u00f2 comportare la rimozione di contenuti osceni\/offensivi, la disattivazione dell&#8217;account o la sospensione dell&#8217;accesso\/utilizzo.<\/p>\n\n\n\n<p><strong>PRIVACY E SICUREZZA<\/strong><br>Lei riconosce che nessuna rete dati e comunicazione basata su Internet \u00e8 sicura al 100%, che tali comunicazioni possono essere intercettate da apparecchiature e software e che nessuna di tali comunicazioni deve essere considerata privata o protetta.<\/p>\n\n\n\n<p>UP Urban Places rispetta la privacy dei nostri utenti nelle comunicazioni che inviano e ricevono tramite la connessione. Soggetto alla legge applicabile e in conformit\u00e0 con la nostra politica sulla privacy, abbiamo tuttavia il diritto, ma non l&#8217;obbligo, di monitorare, intercettare, rivedere e divulgare, senza ulteriore preavviso, qualsiasi trasmissione o utilizzo della nostra connessione per ottemperare a processi legali, ordini, mandati o citazioni, o per proteggere i nostri diritti, propriet\u00e0 e utenti. UP Urban Places pu\u00f2 inoltre utilizzare le informazioni che Lei ci fornisce collegandosi alla nostra rete di dati per analizzare e migliorare i nostri servizi, anche tramite l&#8217;utilizzo di analisi dati.<\/p>\n\n\n\n<p><strong>USI VIETATI<\/strong><br>Le \u00e8 fatto divieto, e Lei accetta di non, accedere o utilizzare (o tentare di accedere o utilizzare) la connessione o di intraprendere qualsiasi azione online che violi qualsiasi legge applicabile o che possa danneggiare noi o terze parti o di interferire con il funzionamento della rete di dati per altri (\u201cUsi vietati\u201d). Ad esempio, fra gli altri Usi vietati, Lei non pu\u00f2:<\/p>\n\n\n\n<ul class=\"wp-block-list\"><li>caricare o trasmettere tramite la connessione (a) virus informatici, worm, spam o qualsiasi altra componente progettata per interferire o interrompere le normali procedure operative di un computer o di una rete; o (b) qualsiasi materiale diffamatorio, offensivo o di natura oscena;<\/li><li>intraprendere qualsiasi azione che imponga un carico irragionevole o sproporzionatamente elevato sulla nostra rete o infrastruttura o che violi o minacci la sicurezza del sistema o della rete o quella dei nostri utenti o di terzi, ivi incluso qualsiasi tentativo di eludere qualsiasi restrizione imposta all&#8217;accesso o all&#8217;utilizzo della connessione o di altri nostri siti web;<\/li><li>utilizzare la connessione per violare diritti di propriet\u00e0 intellettuale o i diritti di propriet\u00e0 di terzi;<\/li><li>condividere il suo indirizzo IP o la connessione Internet dell&#8217;ISP con chiunque;<\/li><li>riprodurre, ritrasmettere, diffondere o rivendere la connessione o autorizzare qualsiasi altro individuo o entit\u00e0 a utilizzare la connessione, a scopo di lucro o meno, senza la nostra espressa autorizzazione scritta.<\/li><li>caricare, condividere, ospitare, ecc. contenuti osceni o altrimenti offensivi;<\/li><li>caricare, condividere, ospitare, visualizzare, modificare, pubblicare, aggiornare o trasmettere informazioni della seguente natura:<ul><li>Informazioni appartenenti ad un&#8217;altra persona, sulle quali l&#8217;utente non ha alcun diritto;<\/li><li>Informazioni gravemente dannose, moleste, blasfeme, oscene, pornografiche, pedopornografiche, diffamatorie, che incitano all\u2019odio o comunque illecite in qualsiasi modo;<\/li><li>Informazioni che incoraggiano o riguardano il riciclaggio di denaro o il gioco d&#8217;azzardo;<\/li><li>Informazioni che possono arrecare danno a minori in qualsiasi modo;<\/li><li>Informazioni che violano qualsiasi diritto intellettuale o di propriet\u00e0;<\/li><li>Informazioni ingannevoli, minacciose o gravemente offensive;<\/li><li>Informazioni dirette a farsi passare per un&#8217;altra persona;<\/li><li>Informazioni che contengono virus informatici o altri programmi dannosi;<\/li><li>Informazioni che minacciano l&#8217;unit\u00e0, l&#8217;integrit\u00e0 o la sicurezza dell&#8217;India, o le relazioni amichevoli dell&#8217;India con Stati esteri; e\/o<\/li><li>Informazioni che incitano alla commissione di un reato o che impediscono l&#8217;indagine in caso di reato.<\/li><\/ul><\/li><\/ul>\n\n\n\n<p>La violazione degli \u201cUsi vietati\u201d pu\u00f2 comportare responsabilit\u00e0 civile o penale. Possiamo segnalare tali violazioni alle autorit\u00e0 preposte all&#8217;applicazione della legge e collaborare con tali autorit\u00e0 per perseguire gli utenti che violano i presenti termini. Abbiamo il diritto, ma non l&#8217;obbligo, di sospendere o interrompere l&#8217;accesso e l&#8217;utilizzo della connessione e di altri servizi che possiamo fornire e di bloccare o rimuovere qualsiasi comunicazione o materiale trasmesso attraverso la connessione.<br><strong>Reclamo<\/strong><br>Gli utenti possono inviare eventuali reclami al nostro Responsabile reclami all&#8217;indirizzo: privacy@urbanplaces.it<\/p>\n\n\n\n<p><strong>Assistenza alle agenzie governative<\/strong><br>In conformit\u00e0 con la legge applicabile, potremmo essere obbligati a fornire tutte le informazioni disponibili e qualsiasi assistenza che possa essere richiesta dalle agenzie governative per la prevenzione, l&#8217;individuazione, l&#8217;indagine e il perseguimento di reati informatici e incidenti di sicurezza informatica.<\/p>\n\n\n\n<p><strong>DICHIARAZIONI DI ESCLUSIONE DI RESPONSABILIT\u00c0 AGGIUNTIVE; LIMITAZIONE DI RESPONSABILIT\u00c0<\/strong><br>Forniamo la connessione \u201cnello stato in cui si trova\u201d e \u201ccome disponibile\u201d. Nella misura consentita dalla legge, decliniamo tutte le garanzie e i termini, espressi o impliciti, comprese le garanzie, i termini o le dichiarazioni in merito alla disponibilit\u00e0, al funzionamento, alla sicurezza, alle prestazioni e\/o all&#8217;uso dei nostri servizi, o di qualsiasi altro materiale disponibile o accessibile tramite i nostri servizi, o in merito all&#8217;accuratezza, alla velocit\u00e0, alla disponibilit\u00e0 o al tempo di attivit\u00e0 dei servizi, della rete o dei dati, ivi comprese eventuali garanzie o termini di commerciabilit\u00e0, idoneit\u00e0 per uno scopo particolare, titolarit\u00e0, non violazione e qualsiasi garanzia, termine o indennizzo implicito derivante dal corso della trattativa o delle prestazioni.<\/p>\n\n\n\n<p>Lei rinuncia a qualsiasi reclamo e diritto contro di noi e le nostre societ\u00e0 affiliate, capogruppo ed entit\u00e0 subentranti e ciascuno dei nostri dipendenti, assegnatari, dirigenti, agenti e amministratori (le \u201cParti UP Urban Places\u201d) derivanti da lesioni o danni a, o distruzione, furto o perdita di qualsiasi propriet\u00e0, persona o animale domestico, nella misura massima consentita dalla legge applicabile. Nessuna delle Parti UP Urban Places sar\u00e0 responsabile nei suoi confronti in base a nessuna causa di azione, per qualsiasi danno indiretto, speciale, incidentale, consequenziale, di affidamento o punitivo, inclusa la perdita di profitti o l\u2019interruzione dell\u2019attivit\u00e0. Lei si impegna ad indennizzare le Parti UP Urban Places da e contro qualsiasi pretesa, responsabilit\u00e0 e spesa (incluse le ragionevoli spese legali) derivante da qualsiasi violazione del presente accordo da parte sua.Alcune giurisdizioni non consentono l\u2019esclusione di talune garanzie oppure la limitazione o l\u2019esclusione di responsabilit\u00e0 per danni consequenziali o incidentali; pertanto le esclusioni e limitazioni di cui sopra potrebbero non applicarsi a Lei. In tal caso, tali esclusioni e limitazioni si applicheranno nella misura massima consentita dalla legge applicabile.<\/p>\n\n\n\n<p><em><strong>Ultima revisione, 1 settembre 2019<\/strong><\/em><strong>.<\/strong><\/p>\n","protected":false},"excerpt":{"rendered":"<p>TERMINI DI SERVIZIO PER CONNESSIONE DATI E ACCESSO A INTERNET Quando Lei si trova presso una sede di UP Urban Places pu\u00f2 connettersi alla nostra rete dati per, fra le altre cose, accedere a Internet (la \u201cconnessione\u201d). La connessione \u00e8 fornita da UP Urban Places Srls o da una delle sue societ\u00e0 affiliate e\/o proprietarie. [&hellip;]<\/p>\n","protected":false},"author":11,"featured_media":0,"parent":0,"menu_order":0,"comment_status":"closed","ping_status":"closed","template":"template-pagina.php","meta":{"_acf_changed":false,"footnotes":""},"class_list":["post-1661","page","type-page","status-publish","hentry"],"acf":[],"_links":{"self":[{"href":"https:\/\/urbanplaces.it\/wp_urbanplaces\/wp-json\/wp\/v2\/pages\/1661","targetHints":{"allow":["GET"]}}],"collection":[{"href":"https:\/\/urbanplaces.it\/wp_urbanplaces\/wp-json\/wp\/v2\/pages"}],"about":[{"href":"https:\/\/urbanplaces.it\/wp_urbanplaces\/wp-json\/wp\/v2\/types\/page"}],"author":[{"embeddable":true,"href":"https:\/\/urbanplaces.it\/wp_urbanplaces\/wp-json\/wp\/v2\/users\/11"}],"replies":[{"embeddable":true,"href":"https:\/\/urbanplaces.it\/wp_urbanplaces\/wp-json\/wp\/v2\/comments?post=1661"}],"version-history":[{"count":5,"href":"https:\/\/urbanplaces.it\/wp_urbanplaces\/wp-json\/wp\/v2\/pages\/1661\/revisions"}],"predecessor-version":[{"id":1666,"href":"https:\/\/urbanplaces.it\/wp_urbanplaces\/wp-json\/wp\/v2\/pages\/1661\/revisions\/1666"}],"wp:attachment":[{"href":"https:\/\/urbanplaces.it\/wp_urbanplaces\/wp-json\/wp\/v2\/media?parent=1661"}],"curies":[{"name":"wp","href":"https:\/\/api.w.org\/{rel}","templated":true}]}}