{"id":1667,"date":"2019-09-23T12:58:31","date_gmt":"2019-09-23T12:58:31","guid":{"rendered":"https:\/\/urbanplaces.it\/?page_id=1667"},"modified":"2019-09-23T12:58:32","modified_gmt":"2019-09-23T12:58:32","slug":"gdpr","status":"publish","type":"page","link":"https:\/\/urbanplaces.it\/wp_urbanplaces\/gdpr\/","title":{"rendered":"GDPR"},"content":{"rendered":"\n<h3 class=\"wp-block-heading\"><strong>INFORMATIVA ai sensi dell\u2019art. 13 del D. Lgs n\u00b0 196 del 30\/06\/2003\u00a0<\/strong>e <\/h3>\n\n\n\n<p>dell\u2019art. 13 del Regolamento UE n. 2016\/679<\/p>\n\n\n\n<p>Il CENTRO, da intendersi quale la societ\u00e0 &#8220;UP Urban Places Srls&#8221; e\/o le sue affiliate e\/o proprietarie, con riferimento ai dati personali acquisiti o che verranno acquisiti in relazione ai rapporti contrattuali intercorsi con Voi o a quelli che potranno essere tenuti in futuro, informa:<br>A. che la raccolta o comunque il trattamento dei Vostri dati personali ha la esclusiva finalit\u00e0 di dare esecuzione agli obblighi derivanti dal rapporto contrattuale con Voi in essere; tali dati sono e saranno trattati in modo lecito e secondo correttezza e&nbsp;comunque nel rispetto del citato D.lgs. 196 del 30\/06\/2003 nonch\u00e9 di quanto disposto dal regolamento UE n.2016\/679, sia con&nbsp;sistemi automatizzati\/informatici che cartacei;<br>B. che per la stipulazione del rapporto contrattuale, la raccolta dei dati personali ha natura obbligatoria,<br>dovendosi dar corso agli adempimenti di legge anche fiscale;<br>C. che \u201cl\u2019eventuale rifiuto di rispondere\u201d, al momento della raccolta delle informazioni, pu\u00f2 comportare l\u2019oggettiva impossibilit\u00e0 per la nostra Societ\u00e0 di osservare gli obblighi derivanti dal contratto da Voi sottoscritto;<br>D. che i Vostri dati personali ed il relativo trattamento non saranno oggetto di comunicazione o diffusione fuori dai casi consentiti&nbsp;dalla Legge e con modalit\u00e0 diverse da quelle dalla stessa consentite; il trattamento sar\u00e0 svolto in forma automatizzata e\/o manuale, nel rispetto di quanto previsto dall\u2019art. 32 del GDPR 2016\/679 e dall\u2019Allegato B del D.Lgs. 196\/2003 (artt. 33-36 del Codice) in materia di misure di sicurezza, ad opera di soggetti appositamente incaricati e in ottemperanza a quanto previsto dagli&nbsp;art. 29 GDPR 2016\/ 679.<br>Le segnaliamo che, nel rispetto dei principi di liceit\u00e0, limitazione delle finalit\u00e0 e minimizzazione dei dati, ai sensi dell\u2019art. 5 GDPR&nbsp;2016\/679, previo il Suo consenso libero ed esplicito espresso in calce alla presente informativa, i Suoi dati personali saranno&nbsp;conservati per il periodo di tempo necessario per il conseguimento delle finalit\u00e0 per le quali sono raccolti e trattati.<br>E. che Voi avete la facolt\u00e0 di esercitare i diritti previsti dall\u2019articolo 7 del D. Lgs. 196\/2003 (riportato in calce);<br>F. che nel caso in cui trattando dati personali nonch\u00e9 sensibili, ai sensi dell\u2019art.4, co.1, let. D, D.lgs. 196\/2003, e giudiziari ai sensi dell\u2019art. 4, co.1, let. D, D.lgs. 196\/2003, il CLIENTE affidasse al CENTRO funzioni di segreteria per cui il CENTRO stesso ne venisse a&nbsp;conoscenza, il CLIENTE si obbliga a estendere la tutela e le garanzie in materia di trattamento dei dati anche al CENTRO, inserendo&nbsp;espressamente quest\u2019ultimo nei propri moduli di consenso e informativa, conformemente a quanto previsto dal D.lgs. 196\/2003&nbsp;e dandone copia al CENTRO stesso.<br>Che il titolare del trattamento \u00e8 la FEAM SRL, con sede in ROMA VIA TIBURTINA 652\/A in persona del Signor DAVID MAZZONI e che il responsabile del trattamento dei dati \u00e8 Il Sig. DAVID MAZZONI, gdpr@urbanplaces.it.<br>G. Ricorrendone i presupposti Lei potr\u00e0 proporre eventuale reclamo al Garante per la protezione dei dati personali (art. 77 del Regolamento UE -2016\/679 e artt. Da 140 bis a 143 del Codice in materia di protezione dei dati personali, recante disposizioni&nbsp;per l\u2019adeguamento dell\u2019ordinamento nazionale al Regolamento). Il reclamo potr\u00e0 essere consegnato a mano presso gli uffici del Garante ( all\u2019indirizzo di seguito indicato) o mediante inoltro di:<br>a) raccomandata A\/R indirizzata a: Garante per la protezione dei dati personali, Piazza Venezia, 11- 00187 Roma;<br>b) messaggi di posta elettronica certificata indirizzata a: protocollo@pec.gpdp.it<\/p>\n\n\n\n<h4 class=\"wp-block-heading\"><strong>Pienamente informato della necessit\u00e0, delle finalit\u00e0 e modalit\u00e0 del trattamento dati di cui sopra e rilevato che lo stesso \u00e8&nbsp;rispettoso del Codice della privacy esprimo il consenso al trattamento dei miei dati personali.<\/strong><\/h4>\n\n\n\n<p>D. Lgs 196\/2003<\/p>\n\n\n\n<h4 class=\"wp-block-heading\"><strong>Titolo II &#8211; DIRITTI DELL\u2019INTERESSATO<\/strong><\/h4>\n\n\n\n<p><strong>Art. 7. Diritto di accesso ai dati personali ed altri diritti.<br><\/strong>L\u2019interessato ha diritto di ottenere la conferma dell\u2019esistenza o meno di dati personali che lo riguardano, anche se non ancora\u00a0registrati, e la loro comunicazione in forma intelligibile.<br>L\u2019interessato ha diritto di ottenere l\u2019indicazione:<\/p>\n\n\n\n<p>a) dell\u2019origine dei dati personali;<br>b) delle finalit\u00e0 e modalit\u00e0 del trattamento;<br>c) della logica applicata in caso di trattamento effettuato con l\u2019ausilio di strumenti elettronici;<br>d) degli estremi identificativi del titolare, dei responsabili e del rappresentante designato ai sensi dell\u2019articolo 5, comma 2;<br>e) dei soggetti o delle categorie di soggetti ai quali i dati personali possono essere comunicati o che possono venirne a&nbsp;conoscenza in qualit\u00e0 di rappresentante designato nel territorio dello Stato, di responsabili o incaricati.&nbsp;L\u2019interessato ha diritto di ottenere:<\/p>\n\n\n\n<p>a)&nbsp;l\u2019aggiornamento, la rettificazione ovvero, quando vi ha interesse, l\u2019integrazione dei dati;<br>b)&nbsp;la cancellazione, la trasformazione in forma anonima o il blocco dei dati trattati in violazione di legge, compresi quelli di cui&nbsp;non \u00e8 necessaria la conservazione in relazione agli scopi per i quali i dati sono stati raccolti o successivamente trattati;<\/p>\n\n\n\n<p>c)&nbsp;l\u2019attestazione che le operazioni di cui alle lettere a) e b) sono state portate a conoscenza, anche per quanto riguarda il&nbsp;loro contenuto, di coloro ai quali i dati sono stati comunicati o diffusi, eccettuato il caso in cui tale adempimento si rivela impossibile o comporta un impiego di mezzi manifestamente sproporzionato rispetto al diritto tutelato.<\/p>\n\n\n\n<p>L\u2019interessato ha diritto di opporsi, in tutto o in parte:<br>a) per motivi legittimi al trattamento dei dati personali che lo riguardano, ancorch\u00e9 pertinenti allo scopo della raccolta;<br>b) al trattamento di dati personali che lo riguardano a fini di invio di materiale pubblicitario o di vendita diretta o per il compimento\u00a0di ricerche di mercato o di comunicazione commerciale.<\/p>\n","protected":false},"excerpt":{"rendered":"<p>INFORMATIVA ai sensi dell\u2019art. 13 del D. Lgs n\u00b0 196 del 30\/06\/2003\u00a0e dell\u2019art. 13 del Regolamento UE n. 2016\/679 Il CENTRO, da intendersi quale la societ\u00e0 &#8220;UP Urban Places Srls&#8221; e\/o le sue affiliate e\/o proprietarie, con riferimento ai dati personali acquisiti o che verranno acquisiti in relazione ai rapporti contrattuali intercorsi con Voi o [&hellip;]<\/p>\n","protected":false},"author":11,"featured_media":0,"parent":0,"menu_order":0,"comment_status":"closed","ping_status":"closed","template":"template-pagina.php","meta":{"_acf_changed":false,"footnotes":""},"class_list":["post-1667","page","type-page","status-publish","hentry"],"acf":[],"_links":{"self":[{"href":"https:\/\/urbanplaces.it\/wp_urbanplaces\/wp-json\/wp\/v2\/pages\/1667","targetHints":{"allow":["GET"]}}],"collection":[{"href":"https:\/\/urbanplaces.it\/wp_urbanplaces\/wp-json\/wp\/v2\/pages"}],"about":[{"href":"https:\/\/urbanplaces.it\/wp_urbanplaces\/wp-json\/wp\/v2\/types\/page"}],"author":[{"embeddable":true,"href":"https:\/\/urbanplaces.it\/wp_urbanplaces\/wp-json\/wp\/v2\/users\/11"}],"replies":[{"embeddable":true,"href":"https:\/\/urbanplaces.it\/wp_urbanplaces\/wp-json\/wp\/v2\/comments?post=1667"}],"version-history":[{"count":2,"href":"https:\/\/urbanplaces.it\/wp_urbanplaces\/wp-json\/wp\/v2\/pages\/1667\/revisions"}],"predecessor-version":[{"id":1669,"href":"https:\/\/urbanplaces.it\/wp_urbanplaces\/wp-json\/wp\/v2\/pages\/1667\/revisions\/1669"}],"wp:attachment":[{"href":"https:\/\/urbanplaces.it\/wp_urbanplaces\/wp-json\/wp\/v2\/media?parent=1667"}],"curies":[{"name":"wp","href":"https:\/\/api.w.org\/{rel}","templated":true}]}}